{"id":39,"date":"2013-10-31T11:03:07","date_gmt":"2013-10-31T11:03:07","guid":{"rendered":"http:\/\/psychotherapie-leeker.com\/?page_id=39"},"modified":"2020-02-24T12:59:30","modified_gmt":"2020-02-24T12:59:30","slug":"home","status":"publish","type":"page","link":"https:\/\/psychotherapie-leeker.com\/de\/","title":{"rendered":"Home"},"content":{"rendered":"<div id='layer_slider_1'  class='avia-layerslider main_color avia-shadow  avia-builder-el-0  el_before_av_one_third  avia-builder-el-first  container_wrap sidebar_right' style='  height: 401px;' ><\/div><div id='after_layer_slider_1'  class='main_color av_default_container_wrap container_wrap sidebar_right' style=' '  ><div class='container' ><div class='template-page content  av-content-small alpha units'><div class='post-entry post-entry-type-page post-entry-39'><div class='entry-content-wrapper clearfix'>\n<div class=\"flex_column av_one_third  flex_column_div first  avia-builder-el-1  el_after_av_layerslider  el_before_av_two_third  avia-builder-el-first  \" ><div  class='avia-image-container  av-styling-    avia-builder-el-2  avia-builder-el-no-sibling  avia-align-center '  itemprop=\"image\" itemscope=\"itemscope\" itemtype=\"https:\/\/schema.org\/ImageObject\"  ><div class='avia-image-container-inner'><div class='avia-image-overlay-wrap'><img class='avia_image' src='https:\/\/psychotherapie-leeker.com\/wp-content\/uploads\/2020\/02\/Webp.net-resizeimage.png' alt='' title=''   itemprop=\"thumbnailUrl\"  \/><\/div><\/div><\/div><\/div>\n<div class=\"flex_column av_two_third  flex_column_div   avia-builder-el-3  el_after_av_one_third  avia-builder-el-last  \" ><div  style='padding-bottom:10px; ' class='av-special-heading av-special-heading-h3 meta-heading   avia-builder-el-4  el_before_av_textblock  avia-builder-el-first  '><h3 class='av-special-heading-tag '  itemprop=\"headline\"  >Willkommen auf meiner Internet Seite. <\/h3><div class='special-heading-border'><div class='special-heading-inner-border' ><\/div><\/div><\/div>\n<section class=\"av_textblock_section \"  itemscope=\"itemscope\" itemtype=\"https:\/\/schema.org\/CreativeWork\" ><div class='avia_textblock  '   itemprop=\"text\" ><p>Auf den folgenden Seiten m\u00f6chte ich mich Ihnen vorstellen. M\u00f6glicherweise befinden Sie sich in einer Situation, in der Sie nicht genau wissen, wie es weiter gehen soll, obwohl Sie Ihr Leben bisher gut bew\u00e4ltigt haben oder Sie leiden schon seit l\u00e4ngerer Zeit an Schwierigkeiten, die Sie nur schwer allein l\u00f6sen k\u00f6nnen.<\/p>\n<p>Ich hoffe Ihnen bei Ihrer Suche nach einer L\u00f6sung einen Schritt entgegen kommen zu k\u00f6nnen und biete Ihnen kompetente Beratung &amp; Therapie, Krisenmanagement, aber vor allem Zeit zum Zuh\u00f6ren und Verstehen in angenehmem Ambiente und in einer partnerschaftlichen Beziehung.<\/p>\n<p>Ich m\u00f6chte Sie ermuntern, sich von einem kritischen Blick und einer guten Portion Bauchgef\u00fchl auf Ihrer Suche nach einer L\u00f6sung leiten zu lassen.<\/p>\n<p>Sollte Sie dies in meine Praxis f\u00fchren, freue ich mich darauf, Sie kennen zu lernen. Sollten Sie vorab Fragen haben, rufen Sie bitte an und gern werde ich Ihnen antworten.<\/p>\n<p>Blanka Leeker<\/p>\n<\/div><\/section><\/div>\n","protected":false},"excerpt":{"rendered":"","protected":false},"author":5,"featured_media":0,"parent":0,"menu_order":0,"comment_status":"open","ping_status":"closed","template":"","meta":{"footnotes":""},"class_list":["post-39","page","type-page","status-publish","hentry"],"yoast_head":"<!-- This site is optimized with the Yoast SEO plugin v26.9 - https:\/\/yoast.com\/product\/yoast-seo-wordpress\/ -->\n<title>Home - Psychotherapie Leeker<\/title>\n<meta name=\"robots\" content=\"index, follow, max-snippet:-1, max-image-preview:large, max-video-preview:-1\" \/>\n<link rel=\"canonical\" href=\"https:\/\/psychotherapie-leeker.com\/de\/\" \/>\n<meta property=\"og:locale\" content=\"de_DE\" \/>\n<meta property=\"og:type\" content=\"article\" \/>\n<meta property=\"og:title\" content=\"Home - Psychotherapie Leeker\" \/>\n<meta property=\"og:url\" content=\"https:\/\/psychotherapie-leeker.com\/de\/\" \/>\n<meta property=\"og:site_name\" content=\"Psychotherapie Leeker\" \/>\n<meta property=\"article:modified_time\" content=\"2020-02-24T12:59:30+00:00\" \/>\n<meta name=\"twitter:card\" content=\"summary_large_image\" \/>\n<meta name=\"twitter:label1\" content=\"Gesch\u00e4tzte Lesezeit\" \/>\n\t<meta name=\"twitter:data1\" content=\"1\u00a0Minute\" \/>\n<script type=\"application\/ld+json\" class=\"yoast-schema-graph\">{\"@context\":\"https:\/\/schema.org\",\"@graph\":[{\"@type\":\"WebPage\",\"@id\":\"https:\/\/psychotherapie-leeker.com\/de\/\",\"url\":\"https:\/\/psychotherapie-leeker.com\/de\/\",\"name\":\"Home - Psychotherapie Leeker\",\"isPartOf\":{\"@id\":\"https:\/\/psychotherapie-leeker.com\/de\/#website\"},\"datePublished\":\"2013-10-31T11:03:07+00:00\",\"dateModified\":\"2020-02-24T12:59:30+00:00\",\"breadcrumb\":{\"@id\":\"https:\/\/psychotherapie-leeker.com\/de\/#breadcrumb\"},\"inLanguage\":\"de\",\"potentialAction\":[{\"@type\":\"ReadAction\",\"target\":[\"https:\/\/psychotherapie-leeker.com\/de\/\"]}]},{\"@type\":\"BreadcrumbList\",\"@id\":\"https:\/\/psychotherapie-leeker.com\/de\/#breadcrumb\",\"itemListElement\":[{\"@type\":\"ListItem\",\"position\":1,\"name\":\"Startseite\",\"item\":\"https:\/\/psychotherapie-leeker.com\/de\/\"},{\"@type\":\"ListItem\",\"position\":2,\"name\":\"Home\"}]},{\"@type\":\"WebSite\",\"@id\":\"https:\/\/psychotherapie-leeker.com\/de\/#website\",\"url\":\"https:\/\/psychotherapie-leeker.com\/de\/\",\"name\":\"Psychotherapie Leeker\",\"description\":\"Sehen - Verstehen - Handeln\",\"potentialAction\":[{\"@type\":\"SearchAction\",\"target\":{\"@type\":\"EntryPoint\",\"urlTemplate\":\"https:\/\/psychotherapie-leeker.com\/de\/?s={search_term_string}\"},\"query-input\":{\"@type\":\"PropertyValueSpecification\",\"valueRequired\":true,\"valueName\":\"search_term_string\"}}],\"inLanguage\":\"de\"}]}<\/script>\n<!-- \/ Yoast SEO plugin. -->","yoast_head_json":{"title":"Home - Psychotherapie Leeker","robots":{"index":"index","follow":"follow","max-snippet":"max-snippet:-1","max-image-preview":"max-image-preview:large","max-video-preview":"max-video-preview:-1"},"canonical":"https:\/\/psychotherapie-leeker.com\/de\/","og_locale":"de_DE","og_type":"article","og_title":"Home - Psychotherapie Leeker","og_url":"https:\/\/psychotherapie-leeker.com\/de\/","og_site_name":"Psychotherapie Leeker","article_modified_time":"2020-02-24T12:59:30+00:00","twitter_card":"summary_large_image","twitter_misc":{"Gesch\u00e4tzte Lesezeit":"1\u00a0Minute"},"schema":{"@context":"https:\/\/schema.org","@graph":[{"@type":"WebPage","@id":"https:\/\/psychotherapie-leeker.com\/de\/","url":"https:\/\/psychotherapie-leeker.com\/de\/","name":"Home - Psychotherapie Leeker","isPartOf":{"@id":"https:\/\/psychotherapie-leeker.com\/de\/#website"},"datePublished":"2013-10-31T11:03:07+00:00","dateModified":"2020-02-24T12:59:30+00:00","breadcrumb":{"@id":"https:\/\/psychotherapie-leeker.com\/de\/#breadcrumb"},"inLanguage":"de","potentialAction":[{"@type":"ReadAction","target":["https:\/\/psychotherapie-leeker.com\/de\/"]}]},{"@type":"BreadcrumbList","@id":"https:\/\/psychotherapie-leeker.com\/de\/#breadcrumb","itemListElement":[{"@type":"ListItem","position":1,"name":"Startseite","item":"https:\/\/psychotherapie-leeker.com\/de\/"},{"@type":"ListItem","position":2,"name":"Home"}]},{"@type":"WebSite","@id":"https:\/\/psychotherapie-leeker.com\/de\/#website","url":"https:\/\/psychotherapie-leeker.com\/de\/","name":"Psychotherapie Leeker","description":"Sehen - Verstehen - Handeln","potentialAction":[{"@type":"SearchAction","target":{"@type":"EntryPoint","urlTemplate":"https:\/\/psychotherapie-leeker.com\/de\/?s={search_term_string}"},"query-input":{"@type":"PropertyValueSpecification","valueRequired":true,"valueName":"search_term_string"}}],"inLanguage":"de"}]}},"_links":{"self":[{"href":"https:\/\/psychotherapie-leeker.com\/de\/wp-json\/wp\/v2\/pages\/39","targetHints":{"allow":["GET"]}}],"collection":[{"href":"https:\/\/psychotherapie-leeker.com\/de\/wp-json\/wp\/v2\/pages"}],"about":[{"href":"https:\/\/psychotherapie-leeker.com\/de\/wp-json\/wp\/v2\/types\/page"}],"author":[{"embeddable":true,"href":"https:\/\/psychotherapie-leeker.com\/de\/wp-json\/wp\/v2\/users\/5"}],"replies":[{"embeddable":true,"href":"https:\/\/psychotherapie-leeker.com\/de\/wp-json\/wp\/v2\/comments?post=39"}],"version-history":[{"count":4,"href":"https:\/\/psychotherapie-leeker.com\/de\/wp-json\/wp\/v2\/pages\/39\/revisions"}],"predecessor-version":[{"id":585,"href":"https:\/\/psychotherapie-leeker.com\/de\/wp-json\/wp\/v2\/pages\/39\/revisions\/585"}],"wp:attachment":[{"href":"https:\/\/psychotherapie-leeker.com\/de\/wp-json\/wp\/v2\/media?parent=39"}],"curies":[{"name":"wp","href":"https:\/\/api.w.org\/{rel}","templated":true}]}}